{"id":3051,"date":"2026-03-03T10:59:13","date_gmt":"2026-03-03T09:59:13","guid":{"rendered":"https:\/\/www.b-u-g.de\/?page_id=3051"},"modified":"2026-03-05T10:45:42","modified_gmt":"2026-03-05T09:45:42","slug":"coatings-linings","status":"publish","type":"page","link":"https:\/\/www.b-u-g.de\/en\/products\/coatings-linings\/","title":{"rendered":"Coatings\/linings"},"content":{"rendered":"<div class=\"wpb-content-wrapper\"><p>[vc_section css=&#8221;.vc_custom_1772525083344{margin-top: 50px !important;margin-bottom: 50px !important;}&#8221;][vc_row][vc_column][vc_custom_heading text=&#8221;PTFE linings turn good products into even better products.&#8221; use_theme_fonts=&#8221;yes&#8221;][vc_column_text css=&#8221;&#8221;]Whether PTFE linings or PTFE coatings, Beichler &amp; Gr\u00fcnenwald provides solutions to optimise your components and plant equipment. PTFE creates surfaces that are chemically resistant, non-stick, electrically insulating and capable of withstanding high temperatures.[\/vc_column_text][vc_btn title=&#8221;Request now&#8221; color=&#8221;turquoise&#8221; css=&#8221;&#8221; link=&#8221;url:https%3A%2F%2Fwww.b-u-g.de%2Fen%2Fcontact%2F&#8221;][\/vc_column][\/vc_row][\/vc_section][vc_section css=&#8221;.vc_custom_1772525083344{margin-top: 50px !important;margin-bottom: 50px !important;}&#8221;][vc_row][vc_column][vc_custom_heading text=&#8221;Why PTFE Coatings and Linings?&#8221; use_theme_fonts=&#8221;yes&#8221; css=&#8221;&#8221;][vc_column_text css=&#8221;&#8221;]<\/p>\n<ul>\n<li><strong>Chemical resistance<\/strong> &#8211; Protection against acids, alkalis and aggressive media<\/li>\n<li><strong>Non-stick properties<\/strong> &#8211; No build-up, easy cleaning<\/li>\n<li><strong>Temperature resistance<\/strong> &#8211; Stable from -200 \u00b0C to +260 \u00b0C<\/li>\n<li><strong>Low coefficient of friction<\/strong> &#8211; Reduced wear and improved efficiency<\/li>\n<li><strong>Electrical insulation<\/strong> &#8211; Safe for electrical and electronic applications<\/li>\n<\/ul>\n<p>[\/vc_column_text][\/vc_column][\/vc_row][\/vc_section][vc_section css=&#8221;.vc_custom_1772525083344{margin-top: 50px !important;margin-bottom: 50px !important;}&#8221;][vc_row content_placement=&#8221;middle&#8221;][vc_column width=&#8221;1\/2&#8243;][vc_single_image image=&#8221;1247&#8243; img_size=&#8221;full&#8221; css=&#8221;&#8221;][\/vc_column][vc_column width=&#8221;1\/2&#8243;][vc_custom_heading text=&#8221;Industrial and Technical Applications of PTFE&#8221; use_theme_fonts=&#8221;yes&#8221; css=&#8221;&#8221;][vc_column_text css=&#8221;&#8221;]PTFE coatings and linings are used across a wide range of industries:<\/p>\n<ul>\n<li><strong>Food industry<\/strong> &#8211; For hygienic, non-stick sliding and conveying surfaces<\/li>\n<li><strong>Chemical industry<\/strong> &#8211; As corrosion-resistant internal linings for vessels and pipework<\/li>\n<li><strong>Medical technology and pharmaceuticals<\/strong> &#8211; For biocompatible and sterilizable surfaces<\/li>\n<li><strong>Mechanical and plant engineering<\/strong> &#8211; To reduce friction and wear<\/li>\n<li><strong>Aerospace engineering<\/strong> &#8211; For insulating, temperature-stable and durable coatings<\/li>\n<\/ul>\n<p>[\/vc_column_text][\/vc_column][\/vc_row][\/vc_section][vc_section css=&#8221;.vc_custom_1772525083344{margin-top: 50px !important;margin-bottom: 50px !important;}&#8221;][vc_row content_placement=&#8221;middle&#8221;][vc_column width=&#8221;1\/2&#8243;][vc_custom_heading text=&#8221;Tailor-Made PTFE Solutions&#8221; use_theme_fonts=&#8221;yes&#8221; css=&#8221;&#8221;][vc_column_text css=&#8221;&#8221;]Every project has specific requirements. Beichler &amp; Gr\u00fcnenwald develops customised formulations for PTFE coatings and linings.<\/p>\n<ul>\n<li>Additives for increased wear resistance<\/li>\n<li>Improved thermal conductivity<\/li>\n<li>Optimised electrical properties<\/li>\n<\/ul>\n<p>This results in durable and functional components that enhance the efficiency of your products.[\/vc_column_text][\/vc_column][vc_column width=&#8221;1\/2&#8243;][vc_single_image image=&#8221;1252&#8243; img_size=&#8221;full&#8221; css=&#8221;&#8221;][\/vc_column][\/vc_row][\/vc_section][vc_section css=&#8221;.vc_custom_1772525083344{margin-top: 50px !important;margin-bottom: 50px !important;}&#8221;][vc_row content_placement=&#8221;middle&#8221; css=&#8221;.vc_custom_1772703894460{background-color: #FFFFFF !important;}&#8221;][vc_column css=&#8221;.vc_custom_1772703908921{padding-right: 50px !important;padding-left: 50px !important;background-color: #EB6A39 !important;}&#8221; offset=&#8221;vc_col-lg-4\/5 vc_col-md-4\/5&#8243;][vc_custom_heading text=&#8221;Find out more about the possibilities that high-performance PTFE plastics can offer you.&#8221; font_container=&#8221;tag:h2|text_align:center|color:%23000000&#8243; use_theme_fonts=&#8221;yes&#8221; css=&#8221;&#8221;][vc_column_text css=&#8221;&#8221;]<\/p>\n<p style=\"text-align: center;\"><span style=\"color: 00000;\"><span style=\"color: 00000;\"><font color=\"#00000\">Whether individual components, complex assemblies or complete development projects, we are your partner for PTFE engineered to technical perfection. Benefit from experience, precision and personal consultation.<\/font><\/span><\/span><\/p>\n<p>[\/vc_column_text][vc_btn title=&#8221;Talk to our PTFE experts&#8221; color=&#8221;turquoise&#8221; align=&#8221;center&#8221; css=&#8221;&#8221; link=&#8221;url:https%3A%2F%2Fwww.b-u-g.de%2Fen%2Fcontact%2F&#8221;][\/vc_column][\/vc_row][\/vc_section][vc_section css=&#8221;.vc_custom_1772525083344{margin-top: 50px !important;margin-bottom: 50px !important;}&#8221;][vc_row][vc_column][vc_custom_heading text=&#8221;Frequently Asked Questions About PTFE Coatings&#8221; use_theme_fonts=&#8221;yes&#8221; css=&#8221;&#8221;][vc_tta_accordion][vc_tta_section title=&#8221;Where are PTFE coatings used?&#8221; tab_id=&#8221;1772526083408-0f270a0e-e277&#8243;][vc_column_text css=&#8221;&#8221;]In the food industry, chemical processing, medical technology, electronics, aerospace engineering and mechanical engineering, wherever low friction, purity and chemical resistance are required.[\/vc_column_text][\/vc_tta_section][vc_tta_section title=&#8221;What are the advantages of PTFE coatings and linings?&#8221; tab_id=&#8221;1772526143000-5ff980dc-fd14&#8243;][vc_column_text css=&#8221;&#8221;]High chemical resistance, non-stick properties, temperature stability and friction reduction, resulting in extended service life and increased operational reliability.[\/vc_column_text][\/vc_tta_section][vc_tta_section title=&#8221;What are PTFE coatings?&#8221; tab_id=&#8221;1772526159959-941c9d1c-a418&#8243;][vc_column_text css=&#8221;&#8221;]Thin layers of polytetrafluoroethylene applied to surfaces to provide non-stick properties, chemical resistance and electrical insulation.[\/vc_column_text][\/vc_tta_section][vc_tta_section title=&#8221;What is the difference between PTFE coatings and PTFE linings?&#8221; tab_id=&#8221;1772526083408-a7d775c2-2f12&#8243;][vc_column_text css=&#8221;&#8221;]Coatings are thin surface films. Linings are full-surface coverings or internal linings of components.[\/vc_column_text][\/vc_tta_section][\/vc_tta_accordion][\/vc_column][\/vc_row][\/vc_section]<\/p>\n<\/div>","protected":false},"excerpt":{"rendered":"<p>[vc_section css=&#8221;.vc_custom_1772525083344{margin-top: 50px !important;margin-bottom: 50px !important;}&#8221;][vc_row][vc_column][vc_custom_heading text=&#8221;PTFE linings turn good products into even better products.&#8221; use_theme_fonts=&#8221;yes&#8221;][vc_column_text css=&#8221;&#8221;]Whether PTFE linings or PTFE coatings, Beichler &amp; Gr\u00fcnenwald provides<span class=\"excerpt-hellip\"> [\u2026]<\/span><\/p>\n","protected":false},"author":7,"featured_media":1240,"parent":1954,"menu_order":0,"comment_status":"closed","ping_status":"closed","template":"","meta":{"inline_featured_image":false,"footnotes":""},"class_list":["post-3051","page","type-page","status-publish","has-post-thumbnail","hentry"],"yoast_head":"<!-- This site is optimized with the Yoast SEO plugin v26.4 - https:\/\/yoast.com\/wordpress\/plugins\/seo\/ -->\n<title>PTFE coatings | Beichler und Gr\u00fcnenwald GmbH<\/title>\n<meta name=\"description\" content=\"PTFE coatings and linings with maximum chemical resistance, non-stick properties and temperature stability. Custom-made.\" \/>\n<meta name=\"robots\" content=\"index, follow, max-snippet:-1, max-image-preview:large, max-video-preview:-1\" \/>\n<link rel=\"canonical\" href=\"https:\/\/www.b-u-g.de\/en\/products\/coatings-linings\/\" \/>\n<meta property=\"og:locale\" content=\"en_US\" \/>\n<meta property=\"og:type\" content=\"article\" \/>\n<meta property=\"og:title\" content=\"PTFE coatings | Beichler und Gr\u00fcnenwald GmbH\" \/>\n<meta property=\"og:description\" content=\"PTFE coatings and linings with maximum chemical resistance, non-stick properties and temperature stability. Custom-made.\" \/>\n<meta property=\"og:url\" content=\"https:\/\/www.b-u-g.de\/en\/products\/coatings-linings\/\" \/>\n<meta property=\"og:site_name\" content=\"Beichler und Gr\u00fcnenwald\" \/>\n<meta property=\"article:modified_time\" content=\"2026-03-05T09:45:42+00:00\" \/>\n<meta property=\"og:image\" content=\"https:\/\/www.b-u-g.de\/wp-content\/uploads\/2020\/03\/Beschicht5.jpg\" \/>\n\t<meta property=\"og:image:width\" content=\"1681\" \/>\n\t<meta property=\"og:image:height\" content=\"345\" \/>\n\t<meta property=\"og:image:type\" content=\"image\/jpeg\" \/>\n<meta name=\"twitter:card\" content=\"summary_large_image\" \/>\n<meta name=\"twitter:label1\" content=\"Est. reading time\" \/>\n\t<meta name=\"twitter:data1\" content=\"4 minutes\" \/>\n<script type=\"application\/ld+json\" class=\"yoast-schema-graph\">{\"@context\":\"https:\/\/schema.org\",\"@graph\":[{\"@type\":\"WebPage\",\"@id\":\"https:\/\/www.b-u-g.de\/en\/products\/coatings-linings\/\",\"url\":\"https:\/\/www.b-u-g.de\/en\/products\/coatings-linings\/\",\"name\":\"PTFE coatings | Beichler und Gr\u00fcnenwald GmbH\",\"isPartOf\":{\"@id\":\"https:\/\/www.b-u-g.de\/en\/#website\"},\"primaryImageOfPage\":{\"@id\":\"https:\/\/www.b-u-g.de\/en\/products\/coatings-linings\/#primaryimage\"},\"image\":{\"@id\":\"https:\/\/www.b-u-g.de\/en\/products\/coatings-linings\/#primaryimage\"},\"thumbnailUrl\":\"https:\/\/www.b-u-g.de\/wp-content\/uploads\/2020\/03\/Beschicht5.jpg\",\"datePublished\":\"2026-03-03T09:59:13+00:00\",\"dateModified\":\"2026-03-05T09:45:42+00:00\",\"description\":\"PTFE coatings and linings with maximum chemical resistance, non-stick properties and temperature stability. Custom-made.\",\"breadcrumb\":{\"@id\":\"https:\/\/www.b-u-g.de\/en\/products\/coatings-linings\/#breadcrumb\"},\"inLanguage\":\"en-US\",\"potentialAction\":[{\"@type\":\"ReadAction\",\"target\":[\"https:\/\/www.b-u-g.de\/en\/products\/coatings-linings\/\"]}]},{\"@type\":\"ImageObject\",\"inLanguage\":\"en-US\",\"@id\":\"https:\/\/www.b-u-g.de\/en\/products\/coatings-linings\/#primaryimage\",\"url\":\"https:\/\/www.b-u-g.de\/wp-content\/uploads\/2020\/03\/Beschicht5.jpg\",\"contentUrl\":\"https:\/\/www.b-u-g.de\/wp-content\/uploads\/2020\/03\/Beschicht5.jpg\",\"width\":1681,\"height\":345,\"caption\":\"antihaftende, chemisch best\u00e4ndige Oberfl\u00e4che f\u00fcr Anwendungen in Lebensmittel- und Chemieindustrie\"},{\"@type\":\"BreadcrumbList\",\"@id\":\"https:\/\/www.b-u-g.de\/en\/products\/coatings-linings\/#breadcrumb\",\"itemListElement\":[{\"@type\":\"ListItem\",\"position\":1,\"name\":\"Startseite\",\"item\":\"https:\/\/www.b-u-g.de\/en\/\"},{\"@type\":\"ListItem\",\"position\":2,\"name\":\"Products\",\"item\":\"https:\/\/www.b-u-g.de\/en\/products\/\"},{\"@type\":\"ListItem\",\"position\":3,\"name\":\"Coatings\/linings\"}]},{\"@type\":\"WebSite\",\"@id\":\"https:\/\/www.b-u-g.de\/en\/#website\",\"url\":\"https:\/\/www.b-u-g.de\/en\/\",\"name\":\"Beichler und Gr\u00fcnenwald\",\"description\":\"Kunststofftechnologie\",\"potentialAction\":[{\"@type\":\"SearchAction\",\"target\":{\"@type\":\"EntryPoint\",\"urlTemplate\":\"https:\/\/www.b-u-g.de\/en\/?s={search_term_string}\"},\"query-input\":{\"@type\":\"PropertyValueSpecification\",\"valueRequired\":true,\"valueName\":\"search_term_string\"}}],\"inLanguage\":\"en-US\"}]}<\/script>\n<!-- \/ Yoast SEO plugin. -->","yoast_head_json":{"title":"PTFE coatings | Beichler und Gr\u00fcnenwald GmbH","description":"PTFE coatings and linings with maximum chemical resistance, non-stick properties and temperature stability. Custom-made.","robots":{"index":"index","follow":"follow","max-snippet":"max-snippet:-1","max-image-preview":"max-image-preview:large","max-video-preview":"max-video-preview:-1"},"canonical":"https:\/\/www.b-u-g.de\/en\/products\/coatings-linings\/","og_locale":"en_US","og_type":"article","og_title":"PTFE coatings | Beichler und Gr\u00fcnenwald GmbH","og_description":"PTFE coatings and linings with maximum chemical resistance, non-stick properties and temperature stability. Custom-made.","og_url":"https:\/\/www.b-u-g.de\/en\/products\/coatings-linings\/","og_site_name":"Beichler und Gr\u00fcnenwald","article_modified_time":"2026-03-05T09:45:42+00:00","og_image":[{"width":1681,"height":345,"url":"https:\/\/www.b-u-g.de\/wp-content\/uploads\/2020\/03\/Beschicht5.jpg","type":"image\/jpeg"}],"twitter_card":"summary_large_image","twitter_misc":{"Est. reading time":"4 minutes"},"schema":{"@context":"https:\/\/schema.org","@graph":[{"@type":"WebPage","@id":"https:\/\/www.b-u-g.de\/en\/products\/coatings-linings\/","url":"https:\/\/www.b-u-g.de\/en\/products\/coatings-linings\/","name":"PTFE coatings | Beichler und Gr\u00fcnenwald GmbH","isPartOf":{"@id":"https:\/\/www.b-u-g.de\/en\/#website"},"primaryImageOfPage":{"@id":"https:\/\/www.b-u-g.de\/en\/products\/coatings-linings\/#primaryimage"},"image":{"@id":"https:\/\/www.b-u-g.de\/en\/products\/coatings-linings\/#primaryimage"},"thumbnailUrl":"https:\/\/www.b-u-g.de\/wp-content\/uploads\/2020\/03\/Beschicht5.jpg","datePublished":"2026-03-03T09:59:13+00:00","dateModified":"2026-03-05T09:45:42+00:00","description":"PTFE coatings and linings with maximum chemical resistance, non-stick properties and temperature stability. Custom-made.","breadcrumb":{"@id":"https:\/\/www.b-u-g.de\/en\/products\/coatings-linings\/#breadcrumb"},"inLanguage":"en-US","potentialAction":[{"@type":"ReadAction","target":["https:\/\/www.b-u-g.de\/en\/products\/coatings-linings\/"]}]},{"@type":"ImageObject","inLanguage":"en-US","@id":"https:\/\/www.b-u-g.de\/en\/products\/coatings-linings\/#primaryimage","url":"https:\/\/www.b-u-g.de\/wp-content\/uploads\/2020\/03\/Beschicht5.jpg","contentUrl":"https:\/\/www.b-u-g.de\/wp-content\/uploads\/2020\/03\/Beschicht5.jpg","width":1681,"height":345,"caption":"antihaftende, chemisch best\u00e4ndige Oberfl\u00e4che f\u00fcr Anwendungen in Lebensmittel- und Chemieindustrie"},{"@type":"BreadcrumbList","@id":"https:\/\/www.b-u-g.de\/en\/products\/coatings-linings\/#breadcrumb","itemListElement":[{"@type":"ListItem","position":1,"name":"Startseite","item":"https:\/\/www.b-u-g.de\/en\/"},{"@type":"ListItem","position":2,"name":"Products","item":"https:\/\/www.b-u-g.de\/en\/products\/"},{"@type":"ListItem","position":3,"name":"Coatings\/linings"}]},{"@type":"WebSite","@id":"https:\/\/www.b-u-g.de\/en\/#website","url":"https:\/\/www.b-u-g.de\/en\/","name":"Beichler und Gr\u00fcnenwald","description":"Kunststofftechnologie","potentialAction":[{"@type":"SearchAction","target":{"@type":"EntryPoint","urlTemplate":"https:\/\/www.b-u-g.de\/en\/?s={search_term_string}"},"query-input":{"@type":"PropertyValueSpecification","valueRequired":true,"valueName":"search_term_string"}}],"inLanguage":"en-US"}]}},"_links":{"self":[{"href":"https:\/\/www.b-u-g.de\/en\/wp-json\/wp\/v2\/pages\/3051","targetHints":{"allow":["GET"]}}],"collection":[{"href":"https:\/\/www.b-u-g.de\/en\/wp-json\/wp\/v2\/pages"}],"about":[{"href":"https:\/\/www.b-u-g.de\/en\/wp-json\/wp\/v2\/types\/page"}],"author":[{"embeddable":true,"href":"https:\/\/www.b-u-g.de\/en\/wp-json\/wp\/v2\/users\/7"}],"replies":[{"embeddable":true,"href":"https:\/\/www.b-u-g.de\/en\/wp-json\/wp\/v2\/comments?post=3051"}],"version-history":[{"count":9,"href":"https:\/\/www.b-u-g.de\/en\/wp-json\/wp\/v2\/pages\/3051\/revisions"}],"predecessor-version":[{"id":3187,"href":"https:\/\/www.b-u-g.de\/en\/wp-json\/wp\/v2\/pages\/3051\/revisions\/3187"}],"up":[{"embeddable":true,"href":"https:\/\/www.b-u-g.de\/en\/wp-json\/wp\/v2\/pages\/1954"}],"wp:featuredmedia":[{"embeddable":true,"href":"https:\/\/www.b-u-g.de\/en\/wp-json\/wp\/v2\/media\/1240"}],"wp:attachment":[{"href":"https:\/\/www.b-u-g.de\/en\/wp-json\/wp\/v2\/media?parent=3051"}],"curies":[{"name":"wp","href":"https:\/\/api.w.org\/{rel}","templated":true}]}}