{"id":2001,"date":"2020-02-28T12:25:12","date_gmt":"2020-02-28T11:25:12","guid":{"rendered":"https:\/\/www2.beichler-gruenenwald.bawue.com\/impressum\/"},"modified":"2026-02-05T11:57:08","modified_gmt":"2026-02-05T10:57:08","slug":"imprint","status":"publish","type":"page","link":"https:\/\/www.b-u-g.de\/en\/imprint\/","title":{"rendered":"Imprint"},"content":{"rendered":"<div class=\"wpb-content-wrapper\"><p>[vc_row][vc_column][vc_column_text css=&#8221;&#8221;]<\/p>\n<div class=\"cell-wrapper layout-widget-wrapper\">\n<h2>Pflichtangaben<\/h2>\n<h3>Angaben gem\u00e4\u00df \u00a7 5 TMG<\/h3>\n<p>Beichler &amp; Gr\u00fcnenwald GmbH<br \/>\nBesigheimer Stra\u00dfe 1<br \/>\n74369 L\u00f6chgau<\/p>\n<h3>Vertreten durch:<\/h3>\n<p>Markus Beichler<br \/>\nStefan Arndt<\/p>\n<h3>Kontakt:<\/h3>\n<p>Telefon +49 (0) 7143 9609 0<br \/>\nE-Mail info@b-u-g.de<\/p>\n<h3>Registereintrag:<\/h3>\n<p>Registergericht: Amtsgericht Stuttgart<br \/>\nRegisternummer: 300692<\/p>\n<h3>Umsatzsteuer:<\/h3>\n<p>Umsatzsteuer-Identifikationsnummer gem\u00e4\u00df \u00a727 a Umsatzsteuergesetz:<br \/>\nUSt.-Id-Nr. DE 811259320<\/p>\n<h3>Inhaltlich verantwortlich:<\/h3>\n<p>Beichler &amp; Gr\u00fcnenwald GmbH<br \/>\nBesigheimer Stra\u00dfe 1<br \/>\n74369 L\u00f6schgau<\/p>\n<p>Vertretungsberechtigte Gesch\u00e4ftsf\u00fchrer<br \/>\nMarkus Beichler<br \/>\nStefan Arndt<\/p>\n<\/div>\n<div class=\"cell-wrapper layout-widget-wrapper\">\n<h3>Kontakt \/ Beschwerden<\/h3>\n<p>Sie erreichen unseren Kundendienst f\u00fcr Fragen, Reklamationen und Beanstandungen Montag bis Freitag von 07.00 Uhr bis 16.00 Uhr unter der Telefonnummer +49 (0) 7143 9609 0 sowie per E-Mail unter info@b-u.g.de<\/p>\n<\/div>\n<div class=\"cell-wrapper layout-widget-wrapper\">\n<h3>Streitschlichtung<\/h3>\n<p>Wir sind nicht verpflichtet und nicht bereit, an einem Streitbelegungsverfahren vor einer Verbraucherschlichtungsstelle i.S.d. VSBG teilzunehmen.<\/p>\n<h3>Haftung f\u00fcr Inhalte<\/h3>\n<p>Als Diensteanbieter sind wir gem\u00e4\u00df \u00a7 7 Abs.1 TMG f\u00fcr eigene Inhalte auf diesen Seiten nach den allgemeinen Gesetzen verantwortlich. Nach \u00a7\u00a7 8 bis 10 TMG sind wir als Diensteanbieter jedoch nicht verpflichtet, \u00fcbermittelte oder gespeicherte fremde Informationen zu \u00fcberwachen oder nach Umst\u00e4nden zu forschen, die auf eine rechtswidrige T\u00e4tigkeit hinweisen.<\/p>\n<p>Verpflichtungen zur Entfernung oder Sperrung der Nutzung von Informationen nach den allgemeinen Gesetzen bleiben hiervon unber\u00fchrt. Eine diesbez\u00fcgliche Haftung ist jedoch erst ab dem Zeitpunkt der Kenntnis einer konkreten Rechtsverletzung m\u00f6glich. Bei Bekanntwerden von entsprechenden Rechtsverletzungen werden wir diese Inhalte umgehend entfernen.<\/p>\n<h3>Externe Links<\/h3>\n<p>Unserer Webseite enth\u00e4lt Verlinkungen auf Webseiten Dritter. Alle Verlinkungen auf Webseiten Dritter wurden von uns bei Erstellung der Webseite sorgf\u00e4ltig gepr\u00fcft. M\u00f6gliche Rechtsverst\u00f6\u00dfe waren zum Zeitpunkt der Verlinkung nicht erkennbar. Allerdings haben wir keinen Einfluss auf die Inhalte von verlinkten Webseiten Dritter, hierf\u00fcr ist der jeweilige Dienstanbieter verantwortlich. Sollten \u00fcber die Verlinkungen auf Webseiten Dritter rechtswidrige Webseiten abrufbar sein, bitten wir um Mitteilung. Wir werden dies dann \u00fcberpr\u00fcfen und die Verlinkungen ggfs. entfernen.<\/p>\n<h3>Urheberrecht<\/h3>\n<p>Die durch die Seitenbetreiber erstellten Inhalte und Werke auf diesen Seiten unterliegen dem deutschen Urheberrecht. Die Vervielf\u00e4ltigung, Bearbeitung, Verbreitung und jede Art der Verwertung au\u00dferhalb der Grenzen des Urheberrechtes bed\u00fcrfen der schriftlichen Zustimmung des jeweiligen Autors bzw. Erstellers. Downloads und Kopien dieser Seite sind nur f\u00fcr den privaten, nicht kommerziellen Gebrauch gestattet.<\/p>\n<p>Soweit die Inhalte auf dieser Seite nicht vom Betreiber erstellt wurden, werden die Urheberrechte Dritter beachtet. Insbesondere werden Inhalte Dritter als solche gekennzeichnet. Sollten Sie trotzdem auf eine Urheberrechtsverletzung aufmerksam werden, bitten wir um einen entsprechenden Hinweis. Bei Bekanntwerden von Rechtsverletzungen werden wir derartige Inhalte umgehend entfernen.<\/p>\n<\/div>\n<p>[\/vc_column_text][\/vc_column][\/vc_row]<\/p>\n<\/div>","protected":false},"excerpt":{"rendered":"<p>[vc_row][vc_column][vc_column_text css=&#8221;&#8221;] Pflichtangaben Angaben gem\u00e4\u00df \u00a7 5 TMG Beichler &amp; Gr\u00fcnenwald GmbH Besigheimer Stra\u00dfe 1 74369 L\u00f6chgau Vertreten durch: Markus Beichler Stefan Arndt Kontakt: Telefon +49<span class=\"excerpt-hellip\"> [\u2026]<\/span><\/p>\n","protected":false},"author":5,"featured_media":1046,"parent":0,"menu_order":0,"comment_status":"closed","ping_status":"closed","template":"","meta":{"inline_featured_image":false,"footnotes":""},"class_list":["post-2001","page","type-page","status-publish","has-post-thumbnail","hentry"],"yoast_head":"<!-- This site is optimized with the Yoast SEO plugin v26.4 - https:\/\/yoast.com\/wordpress\/plugins\/seo\/ -->\n<title>Imprint - Beichler und Gr\u00fcnenwald<\/title>\n<meta name=\"description\" content=\"Legal information under \u00a75 TMG: contact, management, register data, and VAT ID of Beichler &amp; Gr\u00fcnenwald GmbH.\" \/>\n<meta name=\"robots\" content=\"index, follow, max-snippet:-1, max-image-preview:large, max-video-preview:-1\" \/>\n<link rel=\"canonical\" href=\"https:\/\/www.b-u-g.de\/en\/imprint\/\" \/>\n<meta property=\"og:locale\" content=\"en_US\" \/>\n<meta property=\"og:type\" content=\"article\" \/>\n<meta property=\"og:title\" content=\"Imprint - Beichler und Gr\u00fcnenwald\" \/>\n<meta property=\"og:description\" content=\"Legal information under \u00a75 TMG: contact, management, register data, and VAT ID of Beichler &amp; Gr\u00fcnenwald GmbH.\" \/>\n<meta property=\"og:url\" content=\"https:\/\/www.b-u-g.de\/en\/imprint\/\" \/>\n<meta property=\"og:site_name\" content=\"Beichler und Gr\u00fcnenwald\" \/>\n<meta property=\"article:modified_time\" content=\"2026-02-05T10:57:08+00:00\" \/>\n<meta property=\"og:image\" content=\"https:\/\/www.b-u-g.de\/wp-content\/uploads\/2020\/02\/HEADER_PRODUKT.jpg\" \/>\n\t<meta property=\"og:image:width\" content=\"1681\" \/>\n\t<meta property=\"og:image:height\" content=\"345\" \/>\n\t<meta property=\"og:image:type\" content=\"image\/jpeg\" \/>\n<meta name=\"twitter:card\" content=\"summary_large_image\" \/>\n<meta name=\"twitter:label1\" content=\"Est. reading time\" \/>\n\t<meta name=\"twitter:data1\" content=\"3 minutes\" \/>\n<script type=\"application\/ld+json\" class=\"yoast-schema-graph\">{\"@context\":\"https:\/\/schema.org\",\"@graph\":[{\"@type\":\"WebPage\",\"@id\":\"https:\/\/www.b-u-g.de\/en\/imprint\/\",\"url\":\"https:\/\/www.b-u-g.de\/en\/imprint\/\",\"name\":\"Imprint - Beichler und Gr\u00fcnenwald\",\"isPartOf\":{\"@id\":\"https:\/\/www.b-u-g.de\/en\/#website\"},\"primaryImageOfPage\":{\"@id\":\"https:\/\/www.b-u-g.de\/en\/imprint\/#primaryimage\"},\"image\":{\"@id\":\"https:\/\/www.b-u-g.de\/en\/imprint\/#primaryimage\"},\"thumbnailUrl\":\"https:\/\/www.b-u-g.de\/wp-content\/uploads\/2020\/02\/HEADER_PRODUKT.jpg\",\"datePublished\":\"2020-02-28T11:25:12+00:00\",\"dateModified\":\"2026-02-05T10:57:08+00:00\",\"description\":\"Legal information under \u00a75 TMG: contact, management, register data, and VAT ID of Beichler & Gr\u00fcnenwald GmbH.\",\"breadcrumb\":{\"@id\":\"https:\/\/www.b-u-g.de\/en\/imprint\/#breadcrumb\"},\"inLanguage\":\"en-US\",\"potentialAction\":[{\"@type\":\"ReadAction\",\"target\":[\"https:\/\/www.b-u-g.de\/en\/imprint\/\"]}]},{\"@type\":\"ImageObject\",\"inLanguage\":\"en-US\",\"@id\":\"https:\/\/www.b-u-g.de\/en\/imprint\/#primaryimage\",\"url\":\"https:\/\/www.b-u-g.de\/wp-content\/uploads\/2020\/02\/HEADER_PRODUKT.jpg\",\"contentUrl\":\"https:\/\/www.b-u-g.de\/wp-content\/uploads\/2020\/02\/HEADER_PRODUKT.jpg\",\"width\":1681,\"height\":345,\"caption\":\"PTFE-Produkte & -L\u00f6sungen\"},{\"@type\":\"BreadcrumbList\",\"@id\":\"https:\/\/www.b-u-g.de\/en\/imprint\/#breadcrumb\",\"itemListElement\":[{\"@type\":\"ListItem\",\"position\":1,\"name\":\"Startseite\",\"item\":\"https:\/\/www.b-u-g.de\/en\/\"},{\"@type\":\"ListItem\",\"position\":2,\"name\":\"Imprint\"}]},{\"@type\":\"WebSite\",\"@id\":\"https:\/\/www.b-u-g.de\/en\/#website\",\"url\":\"https:\/\/www.b-u-g.de\/en\/\",\"name\":\"Beichler und Gr\u00fcnenwald\",\"description\":\"Kunststofftechnologie\",\"potentialAction\":[{\"@type\":\"SearchAction\",\"target\":{\"@type\":\"EntryPoint\",\"urlTemplate\":\"https:\/\/www.b-u-g.de\/en\/?s={search_term_string}\"},\"query-input\":{\"@type\":\"PropertyValueSpecification\",\"valueRequired\":true,\"valueName\":\"search_term_string\"}}],\"inLanguage\":\"en-US\"}]}<\/script>\n<!-- \/ Yoast SEO plugin. -->","yoast_head_json":{"title":"Imprint - Beichler und Gr\u00fcnenwald","description":"Legal information under \u00a75 TMG: contact, management, register data, and VAT ID of Beichler & Gr\u00fcnenwald GmbH.","robots":{"index":"index","follow":"follow","max-snippet":"max-snippet:-1","max-image-preview":"max-image-preview:large","max-video-preview":"max-video-preview:-1"},"canonical":"https:\/\/www.b-u-g.de\/en\/imprint\/","og_locale":"en_US","og_type":"article","og_title":"Imprint - Beichler und Gr\u00fcnenwald","og_description":"Legal information under \u00a75 TMG: contact, management, register data, and VAT ID of Beichler & Gr\u00fcnenwald GmbH.","og_url":"https:\/\/www.b-u-g.de\/en\/imprint\/","og_site_name":"Beichler und Gr\u00fcnenwald","article_modified_time":"2026-02-05T10:57:08+00:00","og_image":[{"width":1681,"height":345,"url":"https:\/\/www.b-u-g.de\/wp-content\/uploads\/2020\/02\/HEADER_PRODUKT.jpg","type":"image\/jpeg"}],"twitter_card":"summary_large_image","twitter_misc":{"Est. reading time":"3 minutes"},"schema":{"@context":"https:\/\/schema.org","@graph":[{"@type":"WebPage","@id":"https:\/\/www.b-u-g.de\/en\/imprint\/","url":"https:\/\/www.b-u-g.de\/en\/imprint\/","name":"Imprint - Beichler und Gr\u00fcnenwald","isPartOf":{"@id":"https:\/\/www.b-u-g.de\/en\/#website"},"primaryImageOfPage":{"@id":"https:\/\/www.b-u-g.de\/en\/imprint\/#primaryimage"},"image":{"@id":"https:\/\/www.b-u-g.de\/en\/imprint\/#primaryimage"},"thumbnailUrl":"https:\/\/www.b-u-g.de\/wp-content\/uploads\/2020\/02\/HEADER_PRODUKT.jpg","datePublished":"2020-02-28T11:25:12+00:00","dateModified":"2026-02-05T10:57:08+00:00","description":"Legal information under \u00a75 TMG: contact, management, register data, and VAT ID of Beichler & Gr\u00fcnenwald GmbH.","breadcrumb":{"@id":"https:\/\/www.b-u-g.de\/en\/imprint\/#breadcrumb"},"inLanguage":"en-US","potentialAction":[{"@type":"ReadAction","target":["https:\/\/www.b-u-g.de\/en\/imprint\/"]}]},{"@type":"ImageObject","inLanguage":"en-US","@id":"https:\/\/www.b-u-g.de\/en\/imprint\/#primaryimage","url":"https:\/\/www.b-u-g.de\/wp-content\/uploads\/2020\/02\/HEADER_PRODUKT.jpg","contentUrl":"https:\/\/www.b-u-g.de\/wp-content\/uploads\/2020\/02\/HEADER_PRODUKT.jpg","width":1681,"height":345,"caption":"PTFE-Produkte & -L\u00f6sungen"},{"@type":"BreadcrumbList","@id":"https:\/\/www.b-u-g.de\/en\/imprint\/#breadcrumb","itemListElement":[{"@type":"ListItem","position":1,"name":"Startseite","item":"https:\/\/www.b-u-g.de\/en\/"},{"@type":"ListItem","position":2,"name":"Imprint"}]},{"@type":"WebSite","@id":"https:\/\/www.b-u-g.de\/en\/#website","url":"https:\/\/www.b-u-g.de\/en\/","name":"Beichler und Gr\u00fcnenwald","description":"Kunststofftechnologie","potentialAction":[{"@type":"SearchAction","target":{"@type":"EntryPoint","urlTemplate":"https:\/\/www.b-u-g.de\/en\/?s={search_term_string}"},"query-input":{"@type":"PropertyValueSpecification","valueRequired":true,"valueName":"search_term_string"}}],"inLanguage":"en-US"}]}},"_links":{"self":[{"href":"https:\/\/www.b-u-g.de\/en\/wp-json\/wp\/v2\/pages\/2001","targetHints":{"allow":["GET"]}}],"collection":[{"href":"https:\/\/www.b-u-g.de\/en\/wp-json\/wp\/v2\/pages"}],"about":[{"href":"https:\/\/www.b-u-g.de\/en\/wp-json\/wp\/v2\/types\/page"}],"author":[{"embeddable":true,"href":"https:\/\/www.b-u-g.de\/en\/wp-json\/wp\/v2\/users\/5"}],"replies":[{"embeddable":true,"href":"https:\/\/www.b-u-g.de\/en\/wp-json\/wp\/v2\/comments?post=2001"}],"version-history":[{"count":10,"href":"https:\/\/www.b-u-g.de\/en\/wp-json\/wp\/v2\/pages\/2001\/revisions"}],"predecessor-version":[{"id":2977,"href":"https:\/\/www.b-u-g.de\/en\/wp-json\/wp\/v2\/pages\/2001\/revisions\/2977"}],"wp:featuredmedia":[{"embeddable":true,"href":"https:\/\/www.b-u-g.de\/en\/wp-json\/wp\/v2\/media\/1046"}],"wp:attachment":[{"href":"https:\/\/www.b-u-g.de\/en\/wp-json\/wp\/v2\/media?parent=2001"}],"curies":[{"name":"wp","href":"https:\/\/api.w.org\/{rel}","templated":true}]}}